{"id":117,"date":"2023-07-22T15:56:17","date_gmt":"2023-07-22T15:56:17","guid":{"rendered":"https:\/\/bahiasol.es\/?page_id=117"},"modified":"2023-08-02T15:42:18","modified_gmt":"2023-08-02T15:42:18","slug":"limpieza","status":"publish","type":"page","link":"https:\/\/bahiasol.es\/index.php\/limpieza\/","title":{"rendered":"Limpieza"},"content":{"rendered":"\n<div class=\"wp-block-group alignwide wp-container-content-ceb7f5b3 is-content-justification-left\"><div class=\"wp-block-group__inner-container is-layout-constrained wp-container-core-group-is-layout-9aeb1ad9 wp-block-group-is-layout-constrained\">\n<h2 class=\"wp-block-heading alignwide has-text-align-center has-contrast-color has-text-color\" style=\"font-size:50px;font-style:normal;font-weight:500;line-height:0.9;text-transform:none\"><strong>Servicio de limpieza<\/strong> <\/h2>\n\n\n\n<div style=\"height:60px\" aria-hidden=\"true\" class=\"wp-block-spacer\"><\/div>\n<\/div><\/div>\n\n\n\n<div class=\"wp-block-columns is-layout-flex wp-container-core-columns-is-layout-9d6595d7 wp-block-columns-is-layout-flex\">\n<div class=\"wp-block-column is-layout-flow wp-block-column-is-layout-flow\">\n<div class=\"wp-block-group alignwide wp-container-content-ceb7f5b3 is-content-justification-left\"><div class=\"wp-block-group__inner-container is-layout-constrained wp-container-core-group-is-layout-9aeb1ad9 wp-block-group-is-layout-constrained\">\n<div style=\"height:17px\" aria-hidden=\"true\" class=\"wp-block-spacer\"><\/div>\n\n\n\n<p class=\"has-text-align-left has-contrast-color has-text-color has-medium-font-size\"> Ofrecemos servicios especializados de limpieza con la tecnolog\u00eda y maquinaria especializada y una dilatada experiencia.<\/p>\n\n\n\n<div class=\"wp-block-group is-vertical is-content-justification-left is-layout-flex wp-container-core-group-is-layout-c0ca7d81 wp-block-group-is-layout-flex\">\n<hr class=\"wp-block-separator has-alpha-channel-opacity\"\/>\n\n\n\n<p class=\"has-medium-font-size\">Algunos de nustros servicios son:<\/p>\n\n\n\n<div class=\"wp-block-group is-vertical is-layout-flex wp-container-core-group-is-layout-8cf370e7 wp-block-group-is-layout-flex\">\n<ul class=\"has-medium-font-size wp-block-list\">\n<li>Limpieza de suelos mediante medios mec\u00e1nicos. Fregadoras autom\u00e1ticas de diferentes tama\u00f1os y espec\u00edficas para cada suelo.<\/li>\n<\/ul>\n\n\n\n<ul class=\"has-medium-font-size wp-block-list\">\n<li>Se realizan todo tipo de limpieza en cristales, Rotulos y fachadas, con absoluta profesionalidad.<\/li>\n<\/ul>\n\n\n\n<ul class=\"has-medium-font-size wp-block-list\">\n<li>Realizamos trabajos de abrillantado y cristalizado de todo tipo de suelos, con total garant\u00eda y profesionalidad<\/li>\n<\/ul>\n\n\n\n<ul class=\"has-medium-font-size wp-block-list\">\n<li>Limpieza de zonas comunes , oficinas, cl\u00ednicas, centros comerciales etc<\/li>\n\n\n\n<li>Realizamos esta limpieza con los mejores productos, realizamos controles y supervisiones para asegurar la mejor calidad y compromiso en nuestros trabajos<br><\/li>\n<\/ul>\n<\/div>\n<\/div>\n\n\n\n<div style=\"height:60px\" aria-hidden=\"true\" class=\"wp-block-spacer\"><\/div>\n<\/div><\/div>\n<\/div>\n\n\n\n<div class=\"wp-block-column is-layout-flow wp-block-column-is-layout-flow\"><div class=\"wp-block-image is-style-default wp-duotone-unset-1\">\n<figure class=\"alignleft size-large is-resized wp-container-content-0733e5d0\"><img loading=\"lazy\" decoding=\"async\" src=\"https:\/\/bahiasol.es\/wp-content\/uploads\/2023\/07\/Spider-man-glass-wall-cleaning_iphone_1080x1920-576x1024.jpg\" alt=\"\" class=\"wp-image-304\" width=\"314\" height=\"557\" srcset=\"https:\/\/bahiasol.es\/wp-content\/uploads\/2023\/07\/Spider-man-glass-wall-cleaning_iphone_1080x1920-576x1024.jpg 576w, https:\/\/bahiasol.es\/wp-content\/uploads\/2023\/07\/Spider-man-glass-wall-cleaning_iphone_1080x1920-169x300.jpg 169w, https:\/\/bahiasol.es\/wp-content\/uploads\/2023\/07\/Spider-man-glass-wall-cleaning_iphone_1080x1920-768x1365.jpg 768w, https:\/\/bahiasol.es\/wp-content\/uploads\/2023\/07\/Spider-man-glass-wall-cleaning_iphone_1080x1920-864x1536.jpg 864w, https:\/\/bahiasol.es\/wp-content\/uploads\/2023\/07\/Spider-man-glass-wall-cleaning_iphone_1080x1920.jpg 1080w\" sizes=\"auto, (max-width: 314px) 100vw, 314px\" \/><\/figure>\n<\/div><\/div>\n<\/div>\n","protected":false},"excerpt":{"rendered":"<p>Servicio de limpieza Ofrecemos servicios especializados de limpieza con la tecnolog\u00eda y maquinaria especializada y una dilatada experiencia. Algunos de nustros servicios son:<\/p>\n","protected":false},"author":2,"featured_media":0,"parent":0,"menu_order":0,"comment_status":"closed","ping_status":"closed","template":"","meta":{"_background_id":0,"_xo_background":[],"footnotes":""},"class_list":["post-117","page","type-page","status-publish","hentry"],"_links":{"self":[{"href":"https:\/\/bahiasol.es\/index.php\/wp-json\/wp\/v2\/pages\/117","targetHints":{"allow":["GET"]}}],"collection":[{"href":"https:\/\/bahiasol.es\/index.php\/wp-json\/wp\/v2\/pages"}],"about":[{"href":"https:\/\/bahiasol.es\/index.php\/wp-json\/wp\/v2\/types\/page"}],"author":[{"embeddable":true,"href":"https:\/\/bahiasol.es\/index.php\/wp-json\/wp\/v2\/users\/2"}],"replies":[{"embeddable":true,"href":"https:\/\/bahiasol.es\/index.php\/wp-json\/wp\/v2\/comments?post=117"}],"version-history":[{"count":31,"href":"https:\/\/bahiasol.es\/index.php\/wp-json\/wp\/v2\/pages\/117\/revisions"}],"predecessor-version":[{"id":388,"href":"https:\/\/bahiasol.es\/index.php\/wp-json\/wp\/v2\/pages\/117\/revisions\/388"}],"wp:attachment":[{"href":"https:\/\/bahiasol.es\/index.php\/wp-json\/wp\/v2\/media?parent=117"}],"curies":[{"name":"wp","href":"https:\/\/api.w.org\/{rel}","templated":true}]}}