{"id":118,"date":"2023-07-22T15:56:17","date_gmt":"2023-07-22T15:56:17","guid":{"rendered":"https:\/\/bahiasol.es\/?page_id=118"},"modified":"2023-08-02T15:43:38","modified_gmt":"2023-08-02T15:43:38","slug":"otros-servicios","status":"publish","type":"page","link":"https:\/\/bahiasol.es\/index.php\/otros-servicios\/","title":{"rendered":"Mantenimiento"},"content":{"rendered":"\n<div class=\"wp-block-group alignfull has-black-color has-white-background-color has-text-color has-background\" style=\"padding-top:6vw;padding-right:6vw;padding-bottom:6vw;padding-left:6vw\"><div class=\"wp-block-group__inner-container is-layout-flow wp-block-group-is-layout-flow\">\n<div class=\"wp-block-group is-vertical is-nowrap is-layout-flex wp-container-core-group-is-layout-287ef9cb wp-block-group-is-layout-flex\" style=\"padding-right:0;padding-left:0\">\n<p class=\"has-black-color has-text-color\" style=\"font-size:50px;font-style:normal;font-weight:700;letter-spacing:0px;line-height:0.9;text-decoration:none;text-transform:none\">Servicio de mantenimiento<\/p>\n<\/div>\n\n\n\n<div style=\"height:1vw\" aria-hidden=\"true\" class=\"wp-block-spacer\"><\/div>\n\n\n\n<div class=\"wp-block-group alignwide is-vertical is-nowrap is-layout-flex wp-container-core-group-is-layout-8171334d wp-block-group-is-layout-flex\" style=\"padding-top:0;padding-right:0;padding-bottom:0;padding-left:0\">\n<div class=\"wp-block-columns alignwide is-layout-flex wp-container-core-columns-is-layout-2656d967 wp-block-columns-is-layout-flex\">\n<div class=\"wp-block-column is-layout-flow wp-block-column-is-layout-flow\" style=\"flex-basis:33.38%\">\n<p class=\"has-text-color\" style=\"color:#000000;font-size:17px\"><\/p>\n\n\n\n<p class=\"has-medium-font-size\">Damos servicios de mantenimiento de instalaciones, tanto mantenimiento preventivo como correctivo. D\u00e9jese asesorar por los mejores profesionales para cada circunstancia.<\/p>\n\n\n\n<p><\/p>\n<\/div>\n\n\n\n<div class=\"wp-block-column is-layout-flow wp-block-column-is-layout-flow\" style=\"flex-basis:33%\">\n<div style=\"height:2vw\" aria-hidden=\"true\" class=\"wp-block-spacer\"><\/div>\n\n\n<div class=\"wp-block-image\">\n<figure class=\"aligncenter size-full is-resized\"><img loading=\"lazy\" decoding=\"async\" src=\"https:\/\/bahiasol.es\/wp-content\/uploads\/2023\/07\/Mantenimiento.png\" alt=\"\" class=\"wp-image-326\" width=\"226\" height=\"226\" srcset=\"https:\/\/bahiasol.es\/wp-content\/uploads\/2023\/07\/Mantenimiento.png 500w, https:\/\/bahiasol.es\/wp-content\/uploads\/2023\/07\/Mantenimiento-300x300.png 300w, https:\/\/bahiasol.es\/wp-content\/uploads\/2023\/07\/Mantenimiento-150x150.png 150w\" sizes=\"auto, (max-width: 226px) 100vw, 226px\" \/><\/figure>\n<\/div><\/div>\n\n\n\n<div class=\"wp-block-column is-layout-flow wp-block-column-is-layout-flow\" style=\"flex-basis:33.62%\"><div class=\"wp-block-image is-style-rounded\">\n<figure class=\"alignright size-large is-resized\"><img loading=\"lazy\" decoding=\"async\" src=\"https:\/\/bahiasol.es\/wp-content\/uploads\/2023\/07\/cd7712db43236441cf498834756c410c5d49-1024x1009.jpg\" alt=\"\" class=\"wp-image-324\" width=\"240\" height=\"236\" srcset=\"https:\/\/bahiasol.es\/wp-content\/uploads\/2023\/07\/cd7712db43236441cf498834756c410c5d49-1024x1009.jpg 1024w, https:\/\/bahiasol.es\/wp-content\/uploads\/2023\/07\/cd7712db43236441cf498834756c410c5d49-300x296.jpg 300w, https:\/\/bahiasol.es\/wp-content\/uploads\/2023\/07\/cd7712db43236441cf498834756c410c5d49-768x756.jpg 768w, https:\/\/bahiasol.es\/wp-content\/uploads\/2023\/07\/cd7712db43236441cf498834756c410c5d49.jpg 1200w\" sizes=\"auto, (max-width: 240px) 100vw, 240px\" \/><\/figure>\n<\/div><\/div>\n<\/div>\n\n\n\n<div class=\"wp-block-columns alignwide is-layout-flex wp-container-core-columns-is-layout-724a882f wp-block-columns-is-layout-flex\">\n<div class=\"wp-block-column is-layout-flow wp-block-column-is-layout-flow\" style=\"flex-basis:69%\">\n<figure class=\"wp-block-image size-large is-style-rounded\"><img loading=\"lazy\" decoding=\"async\" width=\"1024\" height=\"576\" src=\"https:\/\/bahiasol.es\/wp-content\/uploads\/2023\/07\/1148f8d808eded517751a52f3ea7f2bc-1024x576.png\" alt=\"\" class=\"wp-image-322\" srcset=\"https:\/\/bahiasol.es\/wp-content\/uploads\/2023\/07\/1148f8d808eded517751a52f3ea7f2bc-1024x576.png 1024w, https:\/\/bahiasol.es\/wp-content\/uploads\/2023\/07\/1148f8d808eded517751a52f3ea7f2bc-300x169.png 300w, https:\/\/bahiasol.es\/wp-content\/uploads\/2023\/07\/1148f8d808eded517751a52f3ea7f2bc-768x432.png 768w, https:\/\/bahiasol.es\/wp-content\/uploads\/2023\/07\/1148f8d808eded517751a52f3ea7f2bc-1536x864.png 1536w, https:\/\/bahiasol.es\/wp-content\/uploads\/2023\/07\/1148f8d808eded517751a52f3ea7f2bc.png 1920w\" sizes=\"auto, (max-width: 1024px) 100vw, 1024px\" \/><\/figure>\n<\/div>\n\n\n\n<div class=\"wp-block-column is-vertically-aligned-center is-layout-flow wp-block-column-is-layout-flow\" style=\"flex-basis:33%\">\n<p class=\"has-black-color has-text-color has-medium-font-size\">Todos estos servicios se realizan con la mejor maquinaria y productos, asegurando as\u00ed la mejor calidad del mercado, adem\u00e1s estos trabajos siempre est\u00e1n controlados por uno de nuestros supervisores, asegurando as\u00ed la satisfacci\u00f3n de nuestros clientes<\/p>\n\n\n\n<div style=\"height:2vw\" aria-hidden=\"true\" class=\"wp-block-spacer\"><\/div>\n<\/div>\n<\/div>\n<\/div>\n<\/div><\/div>\n","protected":false},"excerpt":{"rendered":"<p>Servicio de mantenimiento Damos servicios de mantenimiento de instalaciones, tanto mantenimiento preventivo como correctivo. D\u00e9jese asesorar por los mejores profesionales para cada circunstancia. Todos estos servicios se realizan con la mejor maquinaria y productos, asegurando as\u00ed la mejor calidad del mercado, adem\u00e1s estos trabajos siempre est\u00e1n controlados por uno de nuestros supervisores, asegurando as\u00ed la [&hellip;]<\/p>\n","protected":false},"author":2,"featured_media":0,"parent":0,"menu_order":0,"comment_status":"closed","ping_status":"closed","template":"","meta":{"_background_id":0,"_xo_background":[],"footnotes":""},"class_list":["post-118","page","type-page","status-publish","hentry"],"_links":{"self":[{"href":"https:\/\/bahiasol.es\/index.php\/wp-json\/wp\/v2\/pages\/118","targetHints":{"allow":["GET"]}}],"collection":[{"href":"https:\/\/bahiasol.es\/index.php\/wp-json\/wp\/v2\/pages"}],"about":[{"href":"https:\/\/bahiasol.es\/index.php\/wp-json\/wp\/v2\/types\/page"}],"author":[{"embeddable":true,"href":"https:\/\/bahiasol.es\/index.php\/wp-json\/wp\/v2\/users\/2"}],"replies":[{"embeddable":true,"href":"https:\/\/bahiasol.es\/index.php\/wp-json\/wp\/v2\/comments?post=118"}],"version-history":[{"count":9,"href":"https:\/\/bahiasol.es\/index.php\/wp-json\/wp\/v2\/pages\/118\/revisions"}],"predecessor-version":[{"id":391,"href":"https:\/\/bahiasol.es\/index.php\/wp-json\/wp\/v2\/pages\/118\/revisions\/391"}],"wp:attachment":[{"href":"https:\/\/bahiasol.es\/index.php\/wp-json\/wp\/v2\/media?parent=118"}],"curies":[{"name":"wp","href":"https:\/\/api.w.org\/{rel}","templated":true}]}}